{"id":24,"date":"2026-04-24T07:55:37","date_gmt":"2026-04-24T07:55:37","guid":{"rendered":"http:\/\/woo.dev.efento.io\/webshop\/product\/przedluzenie-uslugi-efento-cloud-dla-rejestratora-o-2-lata\/"},"modified":"2026-04-24T07:55:37","modified_gmt":"2026-04-24T07:55:37","slug":"przedluzenie-uslugi-efento-cloud-dla-rejestratora-o-2-lata","status":"publish","type":"product","link":"https:\/\/woo.dev.efento.io\/webshop\/product\/przedluzenie-uslugi-efento-cloud-dla-rejestratora-o-2-lata\/","title":{"rendered":"Przed\u0142u\u017cenie us\u0142ugi Efento Cloud dla rejestratora o 2 lata"},"content":{"rendered":"","protected":false},"excerpt":{"rendered":"","protected":false},"featured_media":11,"comment_status":"open","ping_status":"closed","template":"","meta":[],"product_brand":[],"product_cat":[15],"product_tag":[],"class_list":{"0":"post-24","1":"product","2":"type-product","3":"status-publish","4":"has-post-thumbnail","6":"product_cat-uncategorized","8":"first","9":"instock","10":"virtual","11":"purchasable","12":"product-type-simple"},"_links":{"self":[{"href":"https:\/\/woo.dev.efento.io\/webshop\/wp-json\/wp\/v2\/product\/24","targetHints":{"allow":["GET"]}}],"collection":[{"href":"https:\/\/woo.dev.efento.io\/webshop\/wp-json\/wp\/v2\/product"}],"about":[{"href":"https:\/\/woo.dev.efento.io\/webshop\/wp-json\/wp\/v2\/types\/product"}],"replies":[{"embeddable":true,"href":"https:\/\/woo.dev.efento.io\/webshop\/wp-json\/wp\/v2\/comments?post=24"}],"wp:featuredmedia":[{"embeddable":true,"href":"https:\/\/woo.dev.efento.io\/webshop\/wp-json\/wp\/v2\/media\/11"}],"wp:attachment":[{"href":"https:\/\/woo.dev.efento.io\/webshop\/wp-json\/wp\/v2\/media?parent=24"}],"wp:term":[{"taxonomy":"product_brand","embeddable":true,"href":"https:\/\/woo.dev.efento.io\/webshop\/wp-json\/wp\/v2\/product_brand?post=24"},{"taxonomy":"product_cat","embeddable":true,"href":"https:\/\/woo.dev.efento.io\/webshop\/wp-json\/wp\/v2\/product_cat?post=24"},{"taxonomy":"product_tag","embeddable":true,"href":"https:\/\/woo.dev.efento.io\/webshop\/wp-json\/wp\/v2\/product_tag?post=24"}],"curies":[{"name":"wp","href":"https:\/\/api.w.org\/{rel}","templated":true}]}}