{"id":7,"date":"2026-04-24T07:53:48","date_gmt":"2026-04-24T07:53:48","guid":{"rendered":"http:\/\/woo.dev.efento.io\/webshop\/?page_id=7"},"modified":"2026-04-24T08:06:11","modified_gmt":"2026-04-24T08:06:11","slug":"cart","status":"publish","type":"page","link":"https:\/\/woo.dev.efento.io\/webshop\/cart\/","title":{"rendered":"Cart"},"content":{"rendered":"\n<div data-block-name=\"woocommerce\/cart\" class=\"wp-block-woocommerce-cart alignwide is-loading\">\n<div data-block-name=\"woocommerce\/filled-cart-block\" class=\"wp-block-woocommerce-filled-cart-block\">\n<div data-block-name=\"woocommerce\/cart-items-block\" class=\"wp-block-woocommerce-cart-items-block\">\n<div data-block-name=\"woocommerce\/cart-line-items-block\" class=\"wp-block-woocommerce-cart-line-items-block\"><\/div>\n\n\n<\/div>\n\n\n\n\n<div data-block-name=\"woocommerce\/cart-totals-block\" class=\"wp-block-woocommerce-cart-totals-block\">\n<div data-block-name=\"woocommerce\/cart-order-summary-block\" class=\"wp-block-woocommerce-cart-order-summary-block\">\n<div data-block-name=\"woocommerce\/cart-order-summary-heading-block\" class=\"wp-block-woocommerce-cart-order-summary-heading-block\"><\/div><div data-block-name=\"woocommerce\/cart-order-summary-coupon-form-block\" class=\"wp-block-woocommerce-cart-order-summary-coupon-form-block\"><\/div><div data-block-name=\"woocommerce\/cart-order-summary-totals-block\" class=\"wp-block-woocommerce-cart-order-summary-totals-block\">\n<div data-block-name=\"woocommerce\/cart-order-summary-subtotal-block\" class=\"wp-block-woocommerce-cart-order-summary-subtotal-block\"><\/div>\n<div data-block-name=\"woocommerce\/cart-order-summary-discount-block\" class=\"wp-block-woocommerce-cart-order-summary-discount-block\"><\/div>\n<div data-block-name=\"woocommerce\/cart-order-summary-fee-block\" class=\"wp-block-woocommerce-cart-order-summary-fee-block\"><\/div>\n<div data-block-name=\"woocommerce\/cart-order-summary-shipping-block\" class=\"wp-block-woocommerce-cart-order-summary-shipping-block\"><\/div>\n<div data-block-name=\"woocommerce\/cart-order-summary-taxes-block\" class=\"wp-block-woocommerce-cart-order-summary-taxes-block\"><\/div><\/div>\n<\/div>\n\n\n\n<div data-block-name=\"woocommerce\/cart-express-payment-block\" class=\"wp-block-woocommerce-cart-express-payment-block\"><\/div>\n\n\n\n<div data-block-name=\"woocommerce\/proceed-to-checkout-block\" class=\"wp-block-woocommerce-proceed-to-checkout-block\"><\/div>\n\n\n\n<div data-block-name=\"woocommerce\/cart-accepted-payment-methods-block\" class=\"wp-block-woocommerce-cart-accepted-payment-methods-block\"><\/div>\n<\/div>\n<\/div>\n\n\n\n<div data-block-name=\"woocommerce\/empty-cart-block\" class=\"wp-block-woocommerce-empty-cart-block\">\n<h2 class=\"wp-block-heading has-text-align-center with-empty-cart-icon wc-block-cart__empty-cart__title\">Your cart is currently empty!<\/h2>\n\n\n\n<hr class=\"wp-block-separator has-alpha-channel-opacity is-style-dots\"\/>\n\n\n\n<h2 class=\"wp-block-heading has-text-align-center\">New in store<\/h2>\n\n\n<div data-block-name=\"woocommerce\/product-new\" data-columns=\"4\" data-rows=\"1\" class=\"wc-block-grid wp-block-product-new wp-block-woocommerce-product-new wc-block-product-new has-4-columns\"><ul class=\"wc-block-grid__products\"><li class=\"wc-block-grid__product\">\n\t\t\t\t<a href=\"https:\/\/woo.dev.efento.io\/webshop\/product\/przedluzenie-uslugi-efento-cloud-dla-rejestratora-o-2-lata\/\" class=\"wc-block-grid__product-link\">\n\t\t\t\t\t\n\t\t\t\t\t<div class=\"wc-block-grid__product-image\"><img loading=\"lazy\" decoding=\"async\" width=\"300\" height=\"300\" src=\"https:\/\/woo.dev.efento.io\/webshop\/wp-content\/uploads\/2026\/04\/logo_efento-300x300.png\" class=\"attachment-woocommerce_thumbnail size-woocommerce_thumbnail\" alt=\"Przed\u0142u\u017cenie us\u0142ugi Efento Cloud dla rejestratora o 2 lata\" srcset=\"https:\/\/woo.dev.efento.io\/webshop\/wp-content\/uploads\/2026\/04\/logo_efento-300x300.png 300w, https:\/\/woo.dev.efento.io\/webshop\/wp-content\/uploads\/2026\/04\/logo_efento-150x150.png 150w, https:\/\/woo.dev.efento.io\/webshop\/wp-content\/uploads\/2026\/04\/logo_efento-768x768.png 768w, https:\/\/woo.dev.efento.io\/webshop\/wp-content\/uploads\/2026\/04\/logo_efento-600x600.png 600w, https:\/\/woo.dev.efento.io\/webshop\/wp-content\/uploads\/2026\/04\/logo_efento-100x100.png 100w, https:\/\/woo.dev.efento.io\/webshop\/wp-content\/uploads\/2026\/04\/logo_efento.png 800w\" sizes=\"auto, (max-width: 300px) 100vw, 300px\" \/><\/div>\n\t\t\t\t\t<div class=\"wc-block-grid__product-title\">Przed\u0142u\u017cenie us\u0142ugi Efento Cloud dla rejestratora o 2 lata<\/div>\n\t\t\t\t<\/a>\n\t\t\t\t<div class=\"wc-block-grid__product-price price\"><span class=\"woocommerce-Price-amount amount\">5,00&nbsp;<span class=\"woocommerce-Price-currencySymbol\">&#122;&#322;<\/span><\/span><\/div>\n\t\t\t\t\n\t\t\t\t<div class=\"wp-block-button wc-block-grid__product-add-to-cart\"><a href=\"\/webshop\/wp-json\/wp\/v2\/pages\/7?add-to-cart=24\" aria-label=\"Add to cart: &ldquo;Przed\u0142u\u017cenie us\u0142ugi Efento Cloud dla rejestratora o 2 lata&rdquo;\" data-quantity=\"1\" data-product_id=\"24\" data-product_sku=\"\" data-price=\"5\" rel=\"nofollow\" class=\"wp-block-button__link wp-element-button add_to_cart_button ajax_add_to_cart\">Add to cart<\/a><\/div>\n\t\t\t<\/li><li class=\"wc-block-grid__product\">\n\t\t\t\t<a href=\"https:\/\/woo.dev.efento.io\/webshop\/product\/pakiet-100-sms-polaczen-telefonicznych\/\" class=\"wc-block-grid__product-link\">\n\t\t\t\t\t\n\t\t\t\t\t<div class=\"wc-block-grid__product-image\"><img loading=\"lazy\" decoding=\"async\" width=\"300\" height=\"300\" src=\"https:\/\/woo.dev.efento.io\/webshop\/wp-content\/uploads\/2026\/04\/logo_efento-300x300.png\" class=\"attachment-woocommerce_thumbnail size-woocommerce_thumbnail\" alt=\"Pakiet 100 SMS \/ po\u0142\u0105cze\u0144 telefonicznych\" srcset=\"https:\/\/woo.dev.efento.io\/webshop\/wp-content\/uploads\/2026\/04\/logo_efento-300x300.png 300w, https:\/\/woo.dev.efento.io\/webshop\/wp-content\/uploads\/2026\/04\/logo_efento-150x150.png 150w, https:\/\/woo.dev.efento.io\/webshop\/wp-content\/uploads\/2026\/04\/logo_efento-768x768.png 768w, https:\/\/woo.dev.efento.io\/webshop\/wp-content\/uploads\/2026\/04\/logo_efento-600x600.png 600w, https:\/\/woo.dev.efento.io\/webshop\/wp-content\/uploads\/2026\/04\/logo_efento-100x100.png 100w, https:\/\/woo.dev.efento.io\/webshop\/wp-content\/uploads\/2026\/04\/logo_efento.png 800w\" sizes=\"auto, (max-width: 300px) 100vw, 300px\" \/><\/div>\n\t\t\t\t\t<div class=\"wc-block-grid__product-title\">Pakiet 100 SMS \/ po\u0142\u0105cze\u0144 telefonicznych<\/div>\n\t\t\t\t<\/a>\n\t\t\t\t<div class=\"wc-block-grid__product-price price\"><span class=\"woocommerce-Price-amount amount\">10,00&nbsp;<span class=\"woocommerce-Price-currencySymbol\">&#122;&#322;<\/span><\/span><\/div>\n\t\t\t\t\n\t\t\t\t<div class=\"wp-block-button wc-block-grid__product-add-to-cart\"><a href=\"\/webshop\/wp-json\/wp\/v2\/pages\/7?add-to-cart=23\" aria-label=\"Add to cart: &ldquo;Pakiet 100 SMS \/ po\u0142\u0105cze\u0144 telefonicznych&rdquo;\" data-quantity=\"1\" data-product_id=\"23\" data-product_sku=\"\" data-price=\"10\" rel=\"nofollow\" class=\"wp-block-button__link wp-element-button add_to_cart_button ajax_add_to_cart\">Add to cart<\/a><\/div>\n\t\t\t<\/li><li class=\"wc-block-grid__product\">\n\t\t\t\t<a href=\"https:\/\/woo.dev.efento.io\/webshop\/product\/przedluzenie-waznosci-karty-sim-o-2-lata\/\" class=\"wc-block-grid__product-link\">\n\t\t\t\t\t\n\t\t\t\t\t<div class=\"wc-block-grid__product-image\"><img loading=\"lazy\" decoding=\"async\" width=\"300\" height=\"300\" src=\"https:\/\/woo.dev.efento.io\/webshop\/wp-content\/uploads\/2026\/04\/logo_efento-300x300.png\" class=\"attachment-woocommerce_thumbnail size-woocommerce_thumbnail\" alt=\"Przed\u0142u\u017cenie wa\u017cno\u015bci karty SIM o 2 lata\" srcset=\"https:\/\/woo.dev.efento.io\/webshop\/wp-content\/uploads\/2026\/04\/logo_efento-300x300.png 300w, https:\/\/woo.dev.efento.io\/webshop\/wp-content\/uploads\/2026\/04\/logo_efento-150x150.png 150w, https:\/\/woo.dev.efento.io\/webshop\/wp-content\/uploads\/2026\/04\/logo_efento-768x768.png 768w, https:\/\/woo.dev.efento.io\/webshop\/wp-content\/uploads\/2026\/04\/logo_efento-600x600.png 600w, https:\/\/woo.dev.efento.io\/webshop\/wp-content\/uploads\/2026\/04\/logo_efento-100x100.png 100w, https:\/\/woo.dev.efento.io\/webshop\/wp-content\/uploads\/2026\/04\/logo_efento.png 800w\" sizes=\"auto, (max-width: 300px) 100vw, 300px\" \/><\/div>\n\t\t\t\t\t<div class=\"wc-block-grid__product-title\">Przed\u0142u\u017cenie wa\u017cno\u015bci karty SIM o 2 lata<\/div>\n\t\t\t\t<\/a>\n\t\t\t\t<div class=\"wc-block-grid__product-price price\"><span class=\"woocommerce-Price-amount amount\">10,00&nbsp;<span class=\"woocommerce-Price-currencySymbol\">&#122;&#322;<\/span><\/span><\/div>\n\t\t\t\t\n\t\t\t\t<div class=\"wp-block-button wc-block-grid__product-add-to-cart\"><a href=\"\/webshop\/wp-json\/wp\/v2\/pages\/7?add-to-cart=22\" aria-label=\"Add to cart: &ldquo;Przed\u0142u\u017cenie wa\u017cno\u015bci karty SIM o 2 lata&rdquo;\" data-quantity=\"1\" data-product_id=\"22\" data-product_sku=\"\" data-price=\"10\" rel=\"nofollow\" class=\"wp-block-button__link wp-element-button add_to_cart_button ajax_add_to_cart\">Add to cart<\/a><\/div>\n\t\t\t<\/li><li class=\"wc-block-grid__product\">\n\t\t\t\t<a href=\"https:\/\/woo.dev.efento.io\/webshop\/product\/okresowy-przeglad-i-wzorcowanie-5-%e2%84%83-3\/\" class=\"wc-block-grid__product-link\">\n\t\t\t\t\t\n\t\t\t\t\t<div class=\"wc-block-grid__product-image\"><img loading=\"lazy\" decoding=\"async\" width=\"300\" height=\"300\" src=\"https:\/\/woo.dev.efento.io\/webshop\/wp-content\/uploads\/2026\/04\/logo_efento-300x300.png\" class=\"attachment-woocommerce_thumbnail size-woocommerce_thumbnail\" alt=\"Okresowy przegl\u0105d i wzorcowanie: 5 \u2103\" srcset=\"https:\/\/woo.dev.efento.io\/webshop\/wp-content\/uploads\/2026\/04\/logo_efento-300x300.png 300w, https:\/\/woo.dev.efento.io\/webshop\/wp-content\/uploads\/2026\/04\/logo_efento-150x150.png 150w, https:\/\/woo.dev.efento.io\/webshop\/wp-content\/uploads\/2026\/04\/logo_efento-768x768.png 768w, https:\/\/woo.dev.efento.io\/webshop\/wp-content\/uploads\/2026\/04\/logo_efento-600x600.png 600w, https:\/\/woo.dev.efento.io\/webshop\/wp-content\/uploads\/2026\/04\/logo_efento-100x100.png 100w, https:\/\/woo.dev.efento.io\/webshop\/wp-content\/uploads\/2026\/04\/logo_efento.png 800w\" sizes=\"auto, (max-width: 300px) 100vw, 300px\" \/><\/div>\n\t\t\t\t\t<div class=\"wc-block-grid__product-title\">Okresowy przegl\u0105d i wzorcowanie: 5 \u2103<\/div>\n\t\t\t\t<\/a>\n\t\t\t\t<div class=\"wc-block-grid__product-price price\"><span class=\"woocommerce-Price-amount amount\">247,11&nbsp;<span class=\"woocommerce-Price-currencySymbol\">&#122;&#322;<\/span><\/span><\/div>\n\t\t\t\t\n\t\t\t\t<div class=\"wp-block-button wc-block-grid__product-add-to-cart\"><a href=\"\/webshop\/wp-json\/wp\/v2\/pages\/7?add-to-cart=21\" aria-label=\"Add to cart: &ldquo;Okresowy przegl\u0105d i wzorcowanie: 5 \u2103&rdquo;\" data-quantity=\"1\" data-product_id=\"21\" data-product_sku=\"\" data-price=\"247.11\" rel=\"nofollow\" class=\"wp-block-button__link wp-element-button add_to_cart_button ajax_add_to_cart\">Add to cart<\/a><\/div>\n\t\t\t<\/li><\/ul><\/div><\/div>\n<\/div>\n","protected":false},"excerpt":{"rendered":"","protected":false},"author":1,"featured_media":0,"parent":0,"menu_order":0,"comment_status":"closed","ping_status":"closed","template":"","meta":{"footnotes":""},"class_list":["post-7","page","type-page","status-publish","hentry"],"_links":{"self":[{"href":"https:\/\/woo.dev.efento.io\/webshop\/wp-json\/wp\/v2\/pages\/7","targetHints":{"allow":["GET"]}}],"collection":[{"href":"https:\/\/woo.dev.efento.io\/webshop\/wp-json\/wp\/v2\/pages"}],"about":[{"href":"https:\/\/woo.dev.efento.io\/webshop\/wp-json\/wp\/v2\/types\/page"}],"author":[{"embeddable":true,"href":"https:\/\/woo.dev.efento.io\/webshop\/wp-json\/wp\/v2\/users\/1"}],"replies":[{"embeddable":true,"href":"https:\/\/woo.dev.efento.io\/webshop\/wp-json\/wp\/v2\/comments?post=7"}],"version-history":[{"count":1,"href":"https:\/\/woo.dev.efento.io\/webshop\/wp-json\/wp\/v2\/pages\/7\/revisions"}],"predecessor-version":[{"id":27,"href":"https:\/\/woo.dev.efento.io\/webshop\/wp-json\/wp\/v2\/pages\/7\/revisions\/27"}],"wp:attachment":[{"href":"https:\/\/woo.dev.efento.io\/webshop\/wp-json\/wp\/v2\/media?parent=7"}],"curies":[{"name":"wp","href":"https:\/\/api.w.org\/{rel}","templated":true}]}}